{"id":80,"date":"2023-03-31T11:57:35","date_gmt":"2023-03-31T16:57:35","guid":{"rendered":"https:\/\/bygnetsolutions.com\/new\/?page_id=80"},"modified":"2023-07-17T22:16:47","modified_gmt":"2023-07-18T03:16:47","slug":"desarrollo-de-software","status":"publish","type":"page","link":"https:\/\/bygnetsolutions.com\/new\/index.php\/desarrollo-de-software\/","title":{"rendered":"Desarrollo de software"},"content":{"rendered":"\n<p class=\"has-text-align-left\">Somos una empresa especializada en el desarrollo de software y aplicaciones m\u00f3viles, aplicando las \u00faltimas tendencias en desarrollo y seguridad, nos complace presentar a usted los lineamientos generales para la prestaci\u00f3n de nuestros servicios, encaminados a proporcionar soluciones basadas en las nuevas tendencias tecnol\u00f3gicas del mercado.<\/p>\n\n\n\n<p class=\"has-text-align-left\">Nuestra compa\u00f1\u00eda, cuenta con un respaldo en infraestructura, equipo humano y metodolog\u00edas de desarrollo \u00e1gil, que les permite a nuestros clientes tener completa tranquilidad en el desarrollo del producto contratado.<\/p>\n\n\n\n<p>Somos expertos en lo que hacemos, con amplia experiencia y casos de \u00e9xito.<\/p>\n\n\n\n<p>No solo hacemos c\u00f3digo, nos preocupamos por entender tu negocio y aportar.<\/p>\n\n\n\n<p>Hacemos reuniones semanales para entregas interactivas de los desarrollos.<\/p>\n","protected":false},"excerpt":{"rendered":"<p>Somos una empresa especializada en el desarrollo de software y aplicaciones m\u00f3viles, aplicando las \u00faltimas tendencias en desarrollo y seguridad, nos complace presentar a usted los lineamientos generales para la prestaci\u00f3n de nuestros servicios, encaminados a proporcionar soluciones basadas en las nuevas tendencias tecnol\u00f3gicas del mercado. Nuestra compa\u00f1\u00eda, cuenta con un respaldo en infraestructura, equipo [&hellip;]<\/p>\n","protected":false},"author":1,"featured_media":0,"parent":0,"menu_order":0,"comment_status":"closed","ping_status":"closed","template":"","meta":{"footnotes":""},"class_list":["post-80","page","type-page","status-publish","hentry"],"_links":{"self":[{"href":"https:\/\/bygnetsolutions.com\/new\/index.php\/wp-json\/wp\/v2\/pages\/80","targetHints":{"allow":["GET"]}}],"collection":[{"href":"https:\/\/bygnetsolutions.com\/new\/index.php\/wp-json\/wp\/v2\/pages"}],"about":[{"href":"https:\/\/bygnetsolutions.com\/new\/index.php\/wp-json\/wp\/v2\/types\/page"}],"author":[{"embeddable":true,"href":"https:\/\/bygnetsolutions.com\/new\/index.php\/wp-json\/wp\/v2\/users\/1"}],"replies":[{"embeddable":true,"href":"https:\/\/bygnetsolutions.com\/new\/index.php\/wp-json\/wp\/v2\/comments?post=80"}],"version-history":[{"count":5,"href":"https:\/\/bygnetsolutions.com\/new\/index.php\/wp-json\/wp\/v2\/pages\/80\/revisions"}],"predecessor-version":[{"id":394,"href":"https:\/\/bygnetsolutions.com\/new\/index.php\/wp-json\/wp\/v2\/pages\/80\/revisions\/394"}],"wp:attachment":[{"href":"https:\/\/bygnetsolutions.com\/new\/index.php\/wp-json\/wp\/v2\/media?parent=80"}],"curies":[{"name":"wp","href":"https:\/\/api.w.org\/{rel}","templated":true}]}}