{"id":48,"date":"2023-03-23T11:19:28","date_gmt":"2023-03-23T16:19:28","guid":{"rendered":"https:\/\/bygnetsolutions.com\/new\/?page_id=48"},"modified":"2023-04-12T12:18:54","modified_gmt":"2023-04-12T17:18:54","slug":"mantenimiento-preventivo-y-correctivo","status":"publish","type":"page","link":"https:\/\/bygnetsolutions.com\/new\/index.php\/mantenimiento-preventivo-y-correctivo\/","title":{"rendered":"Mantenimiento Preventivo y Correctivo."},"content":{"rendered":"\n<p class=\"has-text-align-center\"><strong><mark style=\"background-color:rgba(0, 0, 0, 0)\" class=\"has-inline-color has-vivid-cyan-blue-color\">Mantenimiento Preventivo y Correctivo.<\/mark><\/strong><\/p>\n\n\n\n<p class=\"has-text-align-center\"><img loading=\"lazy\" decoding=\"async\" width=\"250\" height=\"192\" class=\"wp-image-109\" style=\"width: 250px;\" src=\"https:\/\/bygnetsolutions.com\/new\/wp-content\/uploads\/2023\/04\/Captura-de-pantalla-2023-04-12-a-las-12.09.06-p.-m.png\" alt=\"\" srcset=\"https:\/\/bygnetsolutions.com\/new\/wp-content\/uploads\/2023\/04\/Captura-de-pantalla-2023-04-12-a-las-12.09.06-p.-m.png 334w, https:\/\/bygnetsolutions.com\/new\/wp-content\/uploads\/2023\/04\/Captura-de-pantalla-2023-04-12-a-las-12.09.06-p.-m-300x230.png 300w\" sizes=\"auto, (max-width: 250px) 100vw, 250px\" \/><\/p>\n\n\n\n<ul class=\"wp-block-list\">\n<li>&nbsp;Mantenimiento general a Equipos de escritorio, Port\u00e1tiles, Impresoras, Perif\u00e9ricos y dispositivos digitales.<\/li>\n\n\n\n<li>&nbsp;Limpieza f\u00edsica y l\u00f3gica a fondo del equipo.<\/li>\n\n\n\n<li>&nbsp;Instalaci\u00f3n de sistemas operativos.<\/li>\n\n\n\n<li>&nbsp;Mantenimiento, reparaci\u00f3n y actualizaci\u00f3n de sistema operativo.<\/li>\n\n\n\n<li>&nbsp;Instalaci\u00f3n, configuraci\u00f3n, registro, actualizaci\u00f3n y an\u00e1lisis de antivirus.<\/li>\n\n\n\n<li>&nbsp;Diagn\u00f3stico de presencia de spyware\/Malware\/Gusanos\/Troyanos.<\/li>\n\n\n\n<li>&nbsp;Instalaci\u00f3n de software b\u00e1sico y avanzado.<\/li>\n\n\n\n<li>&nbsp;Despliegue de herramientas en redes\/subredes\/dominios.<\/li>\n\n\n\n<li>&nbsp;Suites de trabajo y\/o paquetes de software embebidos.<\/li>\n\n\n\n<li>&nbsp;Respaldo de informaci\u00f3n a dispositivos externos.<\/li>\n\n\n\n<li>&nbsp;Diagn\u00f3stico de Hardware para actualizaci\u00f3n o upgrade.<\/li>\n\n\n\n<li>&nbsp;Asesor\u00eda, capacitaci\u00f3n en Ofim\u00e1tica y sistemas avanzados.<\/li>\n\n\n\n<li>&nbsp;Suministro e instalaci\u00f3n de partes o equipos completos.<\/li>\n<\/ul>\n","protected":false},"excerpt":{"rendered":"<p>Mantenimiento Preventivo y Correctivo.<\/p>\n","protected":false},"author":1,"featured_media":0,"parent":0,"menu_order":0,"comment_status":"closed","ping_status":"closed","template":"","meta":{"footnotes":""},"class_list":["post-48","page","type-page","status-publish","hentry"],"_links":{"self":[{"href":"https:\/\/bygnetsolutions.com\/new\/index.php\/wp-json\/wp\/v2\/pages\/48","targetHints":{"allow":["GET"]}}],"collection":[{"href":"https:\/\/bygnetsolutions.com\/new\/index.php\/wp-json\/wp\/v2\/pages"}],"about":[{"href":"https:\/\/bygnetsolutions.com\/new\/index.php\/wp-json\/wp\/v2\/types\/page"}],"author":[{"embeddable":true,"href":"https:\/\/bygnetsolutions.com\/new\/index.php\/wp-json\/wp\/v2\/users\/1"}],"replies":[{"embeddable":true,"href":"https:\/\/bygnetsolutions.com\/new\/index.php\/wp-json\/wp\/v2\/comments?post=48"}],"version-history":[{"count":10,"href":"https:\/\/bygnetsolutions.com\/new\/index.php\/wp-json\/wp\/v2\/pages\/48\/revisions"}],"predecessor-version":[{"id":116,"href":"https:\/\/bygnetsolutions.com\/new\/index.php\/wp-json\/wp\/v2\/pages\/48\/revisions\/116"}],"wp:attachment":[{"href":"https:\/\/bygnetsolutions.com\/new\/index.php\/wp-json\/wp\/v2\/media?parent=48"}],"curies":[{"name":"wp","href":"https:\/\/api.w.org\/{rel}","templated":true}]}}